{"id":1739,"date":"2017-10-26T22:34:29","date_gmt":"2017-10-26T22:34:29","guid":{"rendered":"https:\/\/hiddenparadisetrip.com\/?page_id=1739"},"modified":"2020-08-10T10:50:37","modified_gmt":"2020-08-10T10:50:37","slug":"lombok","status":"publish","type":"page","link":"https:\/\/hiddenparadisetrip.com\/de\/lombok\/","title":{"rendered":"Lombok\/destination"},"content":{"rendered":"<div id=\"pl-1739\"  class=\"panel-layout\" ><div id=\"pg-1739-0\"  class=\"panel-grid panel-has-style\" ><div class=\"siteorigin-panels-stretch panel-row-style panel-row-style-for-1739-0\" style=\"padding: 0px 0; \" data-stretch-type=\"full-stretched\" data-overlay=\"true\" data-overlay-color=\"#000000\" ><div id=\"pgc-1739-0-0\"  class=\"panel-grid-cell\" ><div id=\"panel-1739-0-0-0\" class=\"so-panel widget widget_sow-headline panel-first-child\" data-index=\"0\" ><div style=\"text-align: left;\" data-title-color=\"#443f3f\" data-headings-color=\"#443f3f\" class=\"panel-widget-style panel-widget-style-for-1739-0-0-0\" ><div class=\"so-widget-sow-headline so-widget-sow-headline-default-8588c1bb701f\"><div class=\"sow-headline-container\">\n\t<h1 class='sow-headline'>Lombok<\/h1>\t\t\t\t\t<div class=\"decoration\">\n\t\t\t\t\t\t<div class=\"decoration-inside\"><\/div>\n\t\t\t\t\t<\/div>\n\t\t\t\t\t<\/div><\/div><\/div><\/div><div id=\"panel-1739-0-0-1\" class=\"so-panel widget widget_sow-hero panel-last-child\" data-index=\"1\" ><div style=\"text-align: left;\" data-title-color=\"#443f3f\" data-headings-color=\"#443f3f\" class=\"panel-widget-style panel-widget-style-for-1739-0-0-1\" ><div class=\"so-widget-sow-hero so-widget-sow-hero-default-beb0b2930522\"><div class=\"sow-slider-base\" style=\"display: none\"><ul class=\"sow-slider-images\" data-settings=\"{&quot;pagination&quot;:true,&quot;speed&quot;:800,&quot;timeout&quot;:8000,&quot;paused&quot;:false,&quot;pause_on_hover&quot;:false,&quot;swipe&quot;:false,&quot;nav_always_show_mobile&quot;:&quot;&quot;,&quot;breakpoint&quot;:&quot;780px&quot;}\">\t\t<li class=\"sow-slider-image\" style=\"background-color: #ffffff\" >\n\t\t\t\t\t<div class=\"sow-slider-image-container\">\n\t\t\t<div class=\"sow-slider-image-wrapper\">\n\t\t\t\t<p>Wenn Sie an Lombok denken, denken Sie an Surfen und Str\u00e4nde. Egal, ob Sie entlang der Nord- oder S\u00fcdk\u00fcste der Insel Lombok, West Nusa Tenggara, fahren, Sie werden mit Sicherheit auf einige malerische Str\u00e4nde stossen, in die Sie sich sofort verlieben.<\/p>\n<p>Wenn Sie die n\u00f6rdliche K\u00fcste erkunden m\u00f6chten, finden Sie die Str\u00e4nde Senggigi (wohl der \u00fcberf\u00fcllteste und touristischste), Mangsit (perfekt f\u00fcr Anf\u00e4nger), Nipah (ideal zum Schwimmen), Pandanan (tolle Aussicht) und Sire (der Berg Rinjani sieht von hier aus besonders gut aus). Im S\u00fcden, von \u201eDesert Point\u201c im Westen bis \u201eEkas\u201c im Osten, liegt die vielf\u00e4ltige Abfolge von St\u00e4nden, Riffen und felsigen Buchten, die wunderbare Surfwellen bieten. F\u00fcr diejenigen, die sich einfach nur entspannen m\u00f6chten, bietet die S\u00fcdk\u00fcste wunderbare Str\u00e4nde. Machen Sie sich bereit, da ist auch der Pink Beach (ja, der Sand ist wirklich rosa).<\/p>\n<p>Und vergessen Sie nicht die drei ber\u00fchmten Gili-Inseln vor Lomboks Nordk\u00fcste: Trawangan, Air und Meno zu bereisen. Hier bringen Sie Ihren Urlaub in Lombok auf die n\u00e4chste Stufe. Dank kristallklarem Wasser m\u00fcsste man einen schlechten Tag erwischen, um beim Schnorcheln oder Tauchen keine Schildkr\u00f6te zu sehen. Die Einheimischen sind freundlich und es gibt alles was Sie brauchen, auch ohne auf der Hauptinsel zu sein.<\/p>\n<p>Ein weiteres wichtiges Merkmal von Lombok ist der Berg Rinjani. Rinjani, Indonesiens zweith\u00f6chster Vulkan, dominiert die Topographie und lockt Bergfans und Wanderer an. Wandern Sie die dschungelbedeckten H\u00e4nge hinauf und erleben Sie die zahlreichen tropischen Panoramen der Insel. Wenn Sie oben angekommen sind, k\u00f6nnen Sie sich auf atemberaubende Caldera-Seen und einen unvergesslichen Sonnenaufgang einstellen. Wenn Sie nicht so ins schwitzen kommen m\u00f6chten und dennoch gerne ein St\u00fcck von Lomboks gr\u00fcnen Himmel erleben wollen, k\u00f6nnen Sie den Alam Kerandangan Park besuchen, in dem Wasserf\u00e4lle, B\u00e4che, Affen, Schmetterlinge und V\u00f6gel leben. Traumhaft!<\/p>\n\t\t\t<\/div>\n\t\t<\/div>\n\t\t\t\t<\/li>\n\t\t<\/ul>\t\t\t\t<ol class=\"sow-slider-pagination\">\n\t\t\t\t\t\t\t\t\t\t\t<li><a href=\"#\" data-goto=\"0\" aria-label=\"display slide 1\"><\/a><\/li>\n\t\t\t\t\t\t\t\t\t<\/ol>\n\n\t\t\t\t<div class=\"sow-slide-nav sow-slide-nav-next\">\n\t\t\t\t\t<a href=\"#\" data-goto=\"next\" aria-label=\"next slide\" data-action=\"next\">\n\t\t\t\t\t\t<em class=\"sow-sld-icon-thin-right\"><\/em>\n\t\t\t\t\t<\/a>\n\t\t\t\t<\/div>\n\n\t\t\t\t<div class=\"sow-slide-nav sow-slide-nav-prev\">\n\t\t\t\t\t<a href=\"#\" data-goto=\"previous\" aria-label=\"previous slide\" data-action=\"prev\">\n\t\t\t\t\t\t<em class=\"sow-sld-icon-thin-left\"><\/em>\n\t\t\t\t\t<\/a>\n\t\t\t\t<\/div>\n\t\t\t\t<\/div><\/div><\/div><\/div><\/div><\/div><\/div><div id=\"pg-1739-1\"  class=\"panel-grid panel-has-style\" ><div class=\"siteorigin-panels-stretch panel-row-style panel-row-style-for-1739-1\" style=\"padding: 0px 0; \" data-stretch-type=\"full-stretched\" data-overlay=\"true\" data-overlay-color=\"#000000\" ><div id=\"pgc-1739-1-0\"  class=\"panel-grid-cell\" ><div id=\"panel-1739-1-0-0\" class=\"so-panel widget widget_sow-image panel-first-child panel-last-child\" data-index=\"2\" ><div style=\"text-align: left;\" data-title-color=\"#443f3f\" data-headings-color=\"#443f3f\" class=\"panel-widget-style panel-widget-style-for-1739-1-0-0\" ><div class=\"so-widget-sow-image so-widget-sow-image-default-d6014b76747a\">\n\n<div class=\"sow-image-container\">\n\t<img src=\"https:\/\/hiddenparadisetrip.com\/wp-content\/uploads\/2017\/10\/2.jpg\" width=\"1500\" height=\"1000\" srcset=\"https:\/\/hiddenparadisetrip.com\/wp-content\/uploads\/2017\/10\/2.jpg 1500w, https:\/\/hiddenparadisetrip.com\/wp-content\/uploads\/2017\/10\/2-300x200.jpg 300w, https:\/\/hiddenparadisetrip.com\/wp-content\/uploads\/2017\/10\/2-768x512.jpg 768w, https:\/\/hiddenparadisetrip.com\/wp-content\/uploads\/2017\/10\/2-1024x683.jpg 1024w, https:\/\/hiddenparadisetrip.com\/wp-content\/uploads\/2017\/10\/2-830x553.jpg 830w, https:\/\/hiddenparadisetrip.com\/wp-content\/uploads\/2017\/10\/2-230x153.jpg 230w, https:\/\/hiddenparadisetrip.com\/wp-content\/uploads\/2017\/10\/2-350x233.jpg 350w, https:\/\/hiddenparadisetrip.com\/wp-content\/uploads\/2017\/10\/2-480x320.jpg 480w, https:\/\/hiddenparadisetrip.com\/wp-content\/uploads\/2017\/10\/2-272x182.jpg 272w\" sizes=\"(max-width: 1500px) 100vw, 1500px\" alt=\"\" \t\tclass=\"so-widget-image\"\/>\n<\/div>\n\n<\/div><\/div><\/div><\/div><div id=\"pgc-1739-1-1\"  class=\"panel-grid-cell\" ><div id=\"panel-1739-1-1-0\" class=\"so-panel widget widget_sow-button panel-first-child panel-last-child\" data-index=\"3\" ><div style=\"text-align: left;\" data-title-color=\"#443f3f\" data-headings-color=\"#443f3f\" class=\"panel-widget-style panel-widget-style-for-1739-1-1-0\" ><div class=\"so-widget-sow-button so-widget-sow-button-flat-dad1d4c29c97\"><div class=\"ow-button-base ow-button-align-center\">\n\t<a href=\"https:\/\/hiddenparadisetrip.com\/de\/gallery-2\/\" class=\"ow-icon-placement-left ow-button-hover\" target=\"_blank\" rel=\"noopener noreferrer\" \t\t>\n\t\t<span>\n\t\t\t<span class=\"sow-icon-fontawesome sow-fas\" data-sow-icon=\"&#xf0a9;\"\n\t\tstyle=\"color: #ffffff\" ><\/span>\n\t\t\tMore pictures\t\t<\/span>\n\t<\/a>\n<\/div>\n<\/div><\/div><\/div><\/div><\/div><\/div><\/div>","protected":false},"excerpt":{"rendered":"<p>Lombok When you think of Lombok, you think of surfing and beaches. Whether you are driving along the northern or southern coastlines of Lombok Island, West Nusa Tenggara, you are bound to come across some picturesque beaches you will immediately fall in love with. If you choose to explore the northern shoreline, you will find [&hellip;]<\/p>","protected":false},"author":1,"featured_media":0,"parent":0,"menu_order":0,"comment_status":"closed","ping_status":"closed","template":"page-templates\/page_fullwidth.php","meta":[],"_links":{"self":[{"href":"https:\/\/hiddenparadisetrip.com\/de\/wp-json\/wp\/v2\/pages\/1739"}],"collection":[{"href":"https:\/\/hiddenparadisetrip.com\/de\/wp-json\/wp\/v2\/pages"}],"about":[{"href":"https:\/\/hiddenparadisetrip.com\/de\/wp-json\/wp\/v2\/types\/page"}],"author":[{"embeddable":true,"href":"https:\/\/hiddenparadisetrip.com\/de\/wp-json\/wp\/v2\/users\/1"}],"replies":[{"embeddable":true,"href":"https:\/\/hiddenparadisetrip.com\/de\/wp-json\/wp\/v2\/comments?post=1739"}],"version-history":[{"count":2,"href":"https:\/\/hiddenparadisetrip.com\/de\/wp-json\/wp\/v2\/pages\/1739\/revisions"}],"predecessor-version":[{"id":3063,"href":"https:\/\/hiddenparadisetrip.com\/de\/wp-json\/wp\/v2\/pages\/1739\/revisions\/3063"}],"wp:attachment":[{"href":"https:\/\/hiddenparadisetrip.com\/de\/wp-json\/wp\/v2\/media?parent=1739"}],"curies":[{"name":"wp","href":"https:\/\/api.w.org\/{rel}","templated":true}]}}