{"id":1766,"date":"2017-10-27T07:48:27","date_gmt":"2017-10-27T07:48:27","guid":{"rendered":"https:\/\/hiddenparadisetrip.com\/?page_id=1766"},"modified":"2020-08-10T10:54:03","modified_gmt":"2020-08-10T10:54:03","slug":"sumba-destinaton","status":"publish","type":"page","link":"https:\/\/hiddenparadisetrip.com\/de\/sumba-destinaton\/","title":{"rendered":"SUMBA\/Destination"},"content":{"rendered":"<div id=\"pl-1766\"  class=\"panel-layout\" ><div id=\"pg-1766-0\"  class=\"panel-grid panel-has-style\" ><div class=\"siteorigin-panels-stretch panel-row-style panel-row-style-for-1766-0\" style=\"padding: 0px 0; \" data-stretch-type=\"full-stretched\" data-overlay=\"true\" data-overlay-color=\"#000000\" ><div id=\"pgc-1766-0-0\"  class=\"panel-grid-cell\" ><div class=\"panel-cell-style panel-cell-style-for-1766-0-0\" ><div id=\"panel-1766-0-0-0\" class=\"so-panel widget widget_sow-headline panel-first-child\" data-index=\"0\" ><div style=\"text-align: left;\" data-title-color=\"#443f3f\" data-headings-color=\"#443f3f\" class=\"panel-widget-style panel-widget-style-for-1766-0-0-0\" ><div class=\"so-widget-sow-headline so-widget-sow-headline-default-8588c1bb701f\"><div class=\"sow-headline-container\">\n\t<h1 class='sow-headline'>Sumba<\/h1>\t\t\t\t\t<div class=\"decoration\">\n\t\t\t\t\t\t<div class=\"decoration-inside\"><\/div>\n\t\t\t\t\t<\/div>\n\t\t\t\t\t<\/div><\/div><\/div><\/div><div id=\"panel-1766-0-0-1\" class=\"so-panel widget widget_sow-hero panel-last-child\" data-index=\"1\" ><div style=\"text-align: left;\" data-title-color=\"#443f3f\" data-headings-color=\"#443f3f\" class=\"panel-widget-style panel-widget-style-for-1766-0-0-1\" ><div class=\"so-widget-sow-hero so-widget-sow-hero-default-be6c32999ce0\"><div class=\"sow-slider-base\" style=\"display: none\"><ul class=\"sow-slider-images\" data-settings=\"{&quot;pagination&quot;:true,&quot;speed&quot;:800,&quot;timeout&quot;:8000,&quot;paused&quot;:false,&quot;pause_on_hover&quot;:false,&quot;swipe&quot;:false,&quot;nav_always_show_mobile&quot;:&quot;&quot;,&quot;breakpoint&quot;:&quot;780px&quot;}\">\t\t<li class=\"sow-slider-image\" style=\"background-color: #ffffff\" >\n\t\t\t\t\t<div class=\"sow-slider-image-container\">\n\t\t\t<div class=\"sow-slider-image-wrapper\">\n\t\t\t\t<p>Sumba zu besuchen bedeutet, in die Vergangenheit zu reisen. Die mysteri\u00f6se, zerkl\u00fcftete Insel liegt in Ost Nusa Tenggara, s\u00fcdwestlich von Flores. Auf H\u00fcgeln wurden Stammesd\u00f6rfer errichtet. Das traditionelle Dorf Kampung Tarung in Waikabubak, das 2017 niedergebrannt wurde und aus Bambus- und Wurzelh\u00e4usern mit hoch aufragenden Strohd\u00e4chern bestand, wurde wieder f\u00fcr Besuchende ge\u00f6ffnet. Die H\u00e4user sind ordentlich um den Dorfplatz angeordnet, der durch ein Megalithgrab, einen Tempel und eine Stange gekennzeichnet ist. Es gibt viele andere traditionelle D\u00f6rfer in Sumba, darunter Prai Ijing, ebenfalls in Waikabubak, und Wangapu in Ratenggaro mit einem Blick auf einen malerischen Strand.<\/p>\n<p>Ratenggaro bietet nicht nur majest\u00e4tische traditionelle H\u00e4user und einen fantastischen Strand, sondern beherbergt auch Platten aus geschnitzten Megalithsteinen, die bereits vor 4\u2019500 Jahren entstanden sind. Andere Orte, an denen Sie solche Steine besuchen k\u00f6nnen, sind unter anderem Pasunga, Gallu Bakul und Ana Bura.<\/p>\n<p>Wenn Sie sich den Naturwundern von Sumba zuwenden, gibt es so viele erstaunliche, unber\u00fchrte Str\u00e4nde, welche auf die Reisenden warten. Bawana, Watu Parunu und Walakiri geh\u00f6ren zu den bekanntesten Str\u00e4nden von Sumba. Kalala und Nihiwatu mit ihren super Wellen und ihrer atemberaubend rauen nat\u00fcrlichen Umgebung wecken die wildesten Tr\u00e4ume eines jeden Surfers. Um das Ganze abzurunden, besuchen Sie die Weekuri Lagoon, einen der magischen Orte von Sumba.<\/p>\n<p>Fahren Sie landeinw\u00e4rts und finden Sie Sumbas scheinbar unz\u00e4hlige Wasserf\u00e4lle inmitten seiner gezackten Topographie. Unter ihnen ist Sumbas gr\u00f6sster Wasserfall Waikelo Sawah; Waimarang mit seinem traumhaften Pool. Tanggedu und seine Abfolge von Stromschnellen eignet sich perfekt f\u00fcr\u2019s \u201eRiver-Tubing\u201c. Beim einzigartigen Matayangu schiesst das Wasser aus einem Riss in der Klippenwand heraus. Dann ist noch der faszinierende Koalat Wasserfall und die Abfolge von Wasserf\u00e4llen namens Kanabu Wai, die sich tief im Dschungel befinden. Da Sumba so ber\u00fchmt ist f\u00fcr seine atemberaubenden Savannen sollten Sie sich die Zeit nehmen, um die wunderbare Aussicht auf die zickzackf\u00f6rmigen Beete aus gr\u00fcnem oder goldenem Gras - je nach Jahreszeit - von Wairinding Hill zu geniessen.<\/p>\n\t\t\t<\/div>\n\t\t<\/div>\n\t\t\t\t<\/li>\n\t\t<\/ul>\t\t\t\t<ol class=\"sow-slider-pagination\">\n\t\t\t\t\t\t\t\t\t\t\t<li><a href=\"#\" data-goto=\"0\" aria-label=\"display slide 1\"><\/a><\/li>\n\t\t\t\t\t\t\t\t\t<\/ol>\n\n\t\t\t\t<div class=\"sow-slide-nav sow-slide-nav-next\">\n\t\t\t\t\t<a href=\"#\" data-goto=\"next\" aria-label=\"next slide\" data-action=\"next\">\n\t\t\t\t\t\t<em class=\"sow-sld-icon-thin-right\"><\/em>\n\t\t\t\t\t<\/a>\n\t\t\t\t<\/div>\n\n\t\t\t\t<div class=\"sow-slide-nav sow-slide-nav-prev\">\n\t\t\t\t\t<a href=\"#\" data-goto=\"previous\" aria-label=\"previous slide\" data-action=\"prev\">\n\t\t\t\t\t\t<em class=\"sow-sld-icon-thin-left\"><\/em>\n\t\t\t\t\t<\/a>\n\t\t\t\t<\/div>\n\t\t\t\t<\/div><\/div><\/div><\/div><\/div><\/div><\/div><\/div><div id=\"pg-1766-1\"  class=\"panel-grid panel-has-style\" ><div class=\"siteorigin-panels-stretch panel-row-style panel-row-style-for-1766-1\" style=\"padding: 0px 0; \" data-stretch-type=\"full-stretched\" data-overlay=\"true\" data-overlay-color=\"#000000\" ><div id=\"pgc-1766-1-0\"  class=\"panel-grid-cell\" ><div class=\"panel-cell-style panel-cell-style-for-1766-1-0\" ><div id=\"panel-1766-1-0-0\" class=\"so-panel widget widget_sow-image panel-first-child panel-last-child\" data-index=\"2\" ><div style=\"text-align: left;\" data-title-color=\"#443f3f\" data-headings-color=\"#443f3f\" class=\"panel-widget-style panel-widget-style-for-1766-1-0-0\" ><div class=\"so-widget-sow-image so-widget-sow-image-default-d6014b76747a\">\n\n<div class=\"sow-image-container\">\n\t<img src=\"https:\/\/hiddenparadisetrip.com\/wp-content\/uploads\/2014\/10\/Pasola.jpg\" width=\"620\" height=\"413\" srcset=\"https:\/\/hiddenparadisetrip.com\/wp-content\/uploads\/2014\/10\/Pasola.jpg 620w, https:\/\/hiddenparadisetrip.com\/wp-content\/uploads\/2014\/10\/Pasola-300x199.jpg 300w\" sizes=\"(max-width: 620px) 100vw, 620px\" title=\"The Pasola Jousting Festival\" alt=\"\" \t\tclass=\"so-widget-image\"\/>\n<\/div>\n\n<\/div><\/div><\/div><\/div><\/div><div id=\"pgc-1766-1-1\"  class=\"panel-grid-cell\" ><div class=\"panel-cell-style panel-cell-style-for-1766-1-1\" ><div id=\"panel-1766-1-1-0\" class=\"so-panel widget widget_sow-button panel-first-child panel-last-child\" data-index=\"3\" ><div style=\"text-align: left;\" data-title-color=\"#443f3f\" data-headings-color=\"#443f3f\" class=\"panel-widget-style panel-widget-style-for-1766-1-1-0\" ><div class=\"so-widget-sow-button so-widget-sow-button-flat-dad1d4c29c97\"><div class=\"ow-button-base ow-button-align-center\">\n\t<a href=\"https:\/\/hiddenparadisetrip.com\/de\/gallery-2\/\" class=\"ow-icon-placement-left ow-button-hover\" target=\"_blank\" rel=\"noopener noreferrer\" \t\t>\n\t\t<span>\n\t\t\t<span class=\"sow-icon-fontawesome sow-fas\" data-sow-icon=\"&#xf0a9;\"\n\t\t ><\/span>\n\t\t\tMore pictures\t\t<\/span>\n\t<\/a>\n<\/div>\n<\/div><\/div><\/div><\/div><\/div><\/div><\/div><\/div>","protected":false},"excerpt":{"rendered":"<p>Sumba To visit Sumba is to go back in time. Located in East Nusa Tenggara, southwest of Flores, the mysterious, rugged island has tribal villages built on top of hills. Burnt down in 2017, the traditional village of Kampung Tarung in Waikabubak comprising bamboo-and-root houses with towering thatched roofs has been reopened for the public. [&hellip;]<\/p>","protected":false},"author":1,"featured_media":0,"parent":0,"menu_order":0,"comment_status":"closed","ping_status":"closed","template":"","meta":[],"_links":{"self":[{"href":"https:\/\/hiddenparadisetrip.com\/de\/wp-json\/wp\/v2\/pages\/1766"}],"collection":[{"href":"https:\/\/hiddenparadisetrip.com\/de\/wp-json\/wp\/v2\/pages"}],"about":[{"href":"https:\/\/hiddenparadisetrip.com\/de\/wp-json\/wp\/v2\/types\/page"}],"author":[{"embeddable":true,"href":"https:\/\/hiddenparadisetrip.com\/de\/wp-json\/wp\/v2\/users\/1"}],"replies":[{"embeddable":true,"href":"https:\/\/hiddenparadisetrip.com\/de\/wp-json\/wp\/v2\/comments?post=1766"}],"version-history":[{"count":2,"href":"https:\/\/hiddenparadisetrip.com\/de\/wp-json\/wp\/v2\/pages\/1766\/revisions"}],"predecessor-version":[{"id":3069,"href":"https:\/\/hiddenparadisetrip.com\/de\/wp-json\/wp\/v2\/pages\/1766\/revisions\/3069"}],"wp:attachment":[{"href":"https:\/\/hiddenparadisetrip.com\/de\/wp-json\/wp\/v2\/media?parent=1766"}],"curies":[{"name":"wp","href":"https:\/\/api.w.org\/{rel}","templated":true}]}}