{"id":848,"date":"2016-04-01T22:42:50","date_gmt":"2016-04-01T22:42:50","guid":{"rendered":"https:\/\/hiddenparadisetrip.com\/?page_id=848"},"modified":"2020-08-10T10:52:55","modified_gmt":"2020-08-10T10:52:55","slug":"toraja-beautiful-tribe-and-scenery","status":"publish","type":"page","link":"https:\/\/hiddenparadisetrip.com\/de\/tour-destinations\/toraja-beautiful-tribe-and-scenery\/","title":{"rendered":"Toraja\/Destination"},"content":{"rendered":"<div id=\"pl-848\"  class=\"panel-layout\" ><div id=\"pg-848-0\"  class=\"panel-grid panel-has-style\" ><div class=\"siteorigin-panels-stretch panel-row-style panel-row-style-for-848-0\" style=\"padding: 0px 0; \" data-stretch-type=\"full-stretched\" data-overlay=\"true\" data-overlay-color=\"#000000\" ><div id=\"pgc-848-0-0\"  class=\"panel-grid-cell\" ><div id=\"panel-848-0-0-0\" class=\"so-panel widget widget_sow-headline panel-first-child\" data-index=\"0\" ><div style=\"text-align: left;\" data-title-color=\"#443f3f\" data-headings-color=\"#443f3f\" class=\"panel-widget-style panel-widget-style-for-848-0-0-0\" ><div class=\"so-widget-sow-headline so-widget-sow-headline-default-3f85d12149bf\"><div class=\"sow-headline-container\">\n\t<h1 class='sow-headline'>Toraja<\/h1>\t\t\t\t\t<div class=\"decoration\">\n\t\t\t\t\t\t<div class=\"decoration-inside\"><\/div>\n\t\t\t\t\t<\/div>\n\t\t\t\t\t<\/div><\/div><\/div><\/div><div id=\"panel-848-0-0-1\" class=\"so-panel widget widget_sow-hero panel-last-child\" data-index=\"1\" ><div style=\"text-align: left;\" data-title-color=\"#443f3f\" data-headings-color=\"#443f3f\" class=\"panel-widget-style panel-widget-style-for-848-0-0-1\" ><div class=\"so-widget-sow-hero so-widget-sow-hero-default-be6c32999ce0\"><div class=\"sow-slider-base\" style=\"display: none\"><ul class=\"sow-slider-images\" data-settings=\"{&quot;pagination&quot;:true,&quot;speed&quot;:800,&quot;timeout&quot;:8000,&quot;paused&quot;:false,&quot;pause_on_hover&quot;:false,&quot;swipe&quot;:false,&quot;nav_always_show_mobile&quot;:&quot;&quot;,&quot;breakpoint&quot;:&quot;780px&quot;}\">\t\t<li class=\"sow-slider-image\" style=\"background-color: #ffffff\" >\n\t\t\t\t\t<div class=\"sow-slider-image-container\">\n\t\t\t<div class=\"sow-slider-image-wrapper\">\n\t\t\t\t<p>Tana Toraja ist ein Berggebiet im Herzen der Insel Sulawesi, etwa 300 Kilometer n\u00f6rdlich von Makassar, der Hauptstadt der Provinz S\u00fcd-Sulawesi. Mit einer Mindesth\u00f6he von 150 Metern und einer H\u00f6chsth\u00f6he von \u00fcber 2\u2019100 Metern \u00fcber dem Meeresspiegel wird Torajaland auch treffend als Heiliges Land \u00fcber den Wolken bezeichnet.<\/p>\n<p>Die Torajans sind eine indigene austronesische Volksgruppe mit einer reichen Kultur und Traditionen. Durch die umgebende Landschaft gepr\u00e4gt und mit Langlebigkeit gesegnet praktiziert das Volk friedlich seine Tradition. Die durch das Christentum eingef\u00fchrten Rituale werden harmonisch mit den lokalen Br\u00e4uchen kombiniert. In Tana Toraja k\u00f6nnen Sie dramatische Zeremonien, famili\u00e4re Bindungen, die k\u00f6stliche K\u00fcche und die Kunst der einzigen lebenden Megalithkultur der modernen Welt erleben.<\/p>\n<p>Unter den einzigartigen rituellen Praktiken der Torajans m\u00fcssen ihre Bestattungsriten die dramatischsten, aufw\u00e4ndigsten und teuersten sein. Unmittelbar nach ihren traditionellen k\u00f6niglichen Geb\u00e4uden, die Tongkonan genannt werden, ist das Bild, das normalerweise zur Darstellung von Toraja verwendet wird, ihre H\u00f6hlengr\u00e4berst\u00e4tte. H\u00e4ngende S\u00e4rge und geschnitzte Holzbilder werden so in H\u00f6hlen platziert dass sie in das Land schauen.<\/p>\n<p>Tana Toraja ist mit herrlichen Naturlandschaften gesegnet. Der Mount Sesean ist der h\u00f6chste Berg der Region mit Pfaden, denen man leicht folgen kann. Von Torajas H\u00fcgeln aus k\u00f6nnen Sie auf Ihren Reisen entlang der Felsk\u00e4mme von Makale und Rantepao die pr\u00e4chtigen Panoramen geniessen, die von Stromschnellen ges\u00e4umt und gelegentlich von traditionellen H\u00e4usern \u00fcbers\u00e4t sind. Und wenn Sie wieder da sind, wo Sie \u00fcbernachten, probieren Sie unbedingt den ber\u00fchmten Toraja-Kaffee.<\/p>\n\t\t\t<\/div>\n\t\t<\/div>\n\t\t\t\t<\/li>\n\t\t<\/ul>\t\t\t\t<ol class=\"sow-slider-pagination\">\n\t\t\t\t\t\t\t\t\t\t\t<li><a href=\"#\" data-goto=\"0\" aria-label=\"display slide 1\"><\/a><\/li>\n\t\t\t\t\t\t\t\t\t<\/ol>\n\n\t\t\t\t<div class=\"sow-slide-nav sow-slide-nav-next\">\n\t\t\t\t\t<a href=\"#\" data-goto=\"next\" aria-label=\"next slide\" data-action=\"next\">\n\t\t\t\t\t\t<em class=\"sow-sld-icon-thin-right\"><\/em>\n\t\t\t\t\t<\/a>\n\t\t\t\t<\/div>\n\n\t\t\t\t<div class=\"sow-slide-nav sow-slide-nav-prev\">\n\t\t\t\t\t<a href=\"#\" data-goto=\"previous\" aria-label=\"previous slide\" data-action=\"prev\">\n\t\t\t\t\t\t<em class=\"sow-sld-icon-thin-left\"><\/em>\n\t\t\t\t\t<\/a>\n\t\t\t\t<\/div>\n\t\t\t\t<\/div><\/div><\/div><\/div><\/div><\/div><\/div><div id=\"pg-848-1\"  class=\"panel-grid panel-has-style\" ><div class=\"siteorigin-panels-stretch panel-row-style panel-row-style-for-848-1\" style=\"padding: 0px 0; \" data-stretch-type=\"full-stretched\" data-overlay=\"true\" data-overlay-color=\"#000000\" ><div id=\"pgc-848-1-0\"  class=\"panel-grid-cell\" ><div id=\"panel-848-1-0-0\" class=\"so-panel widget widget_sow-image panel-first-child panel-last-child\" data-index=\"2\" ><div style=\"text-align: left;\" data-title-color=\"#443f3f\" data-headings-color=\"#443f3f\" class=\"panel-widget-style panel-widget-style-for-848-1-0-0\" ><div class=\"so-widget-sow-image so-widget-sow-image-default-d6014b76747a\">\n\n<div class=\"sow-image-container\">\n\t<img src=\"https:\/\/hiddenparadisetrip.com\/wp-content\/uploads\/2017\/10\/t.jpg\" width=\"969\" height=\"768\" srcset=\"https:\/\/hiddenparadisetrip.com\/wp-content\/uploads\/2017\/10\/t.jpg 969w, https:\/\/hiddenparadisetrip.com\/wp-content\/uploads\/2017\/10\/t-300x238.jpg 300w, https:\/\/hiddenparadisetrip.com\/wp-content\/uploads\/2017\/10\/t-768x609.jpg 768w, https:\/\/hiddenparadisetrip.com\/wp-content\/uploads\/2017\/10\/t-830x658.jpg 830w, https:\/\/hiddenparadisetrip.com\/wp-content\/uploads\/2017\/10\/t-230x182.jpg 230w, https:\/\/hiddenparadisetrip.com\/wp-content\/uploads\/2017\/10\/t-350x277.jpg 350w, https:\/\/hiddenparadisetrip.com\/wp-content\/uploads\/2017\/10\/t-480x380.jpg 480w\" sizes=\"(max-width: 969px) 100vw, 969px\" alt=\"\" \t\tclass=\"so-widget-image\"\/>\n<\/div>\n\n<\/div><\/div><\/div><\/div><div id=\"pgc-848-1-1\"  class=\"panel-grid-cell\" ><div id=\"panel-848-1-1-0\" class=\"so-panel widget widget_sow-button panel-first-child panel-last-child\" data-index=\"3\" ><div style=\"text-align: center;\" data-title-color=\"#443f3f\" data-headings-color=\"#443f3f\" class=\"panel-widget-style panel-widget-style-for-848-1-1-0\" ><div class=\"so-widget-sow-button so-widget-sow-button-flat-dad1d4c29c97\"><div class=\"ow-button-base ow-button-align-center\">\n\t<a href=\"https:\/\/hiddenparadisetrip.com\/de\/gallery-2\/\" class=\"ow-icon-placement-left ow-button-hover\" target=\"_blank\" rel=\"noopener noreferrer\" \t\t>\n\t\t<span>\n\t\t\t<span class=\"sow-icon-fontawesome sow-fas\" data-sow-icon=\"&#xf0a9;\"\n\t\t ><\/span>\n\t\t\tMore pictures\t\t<\/span>\n\t<\/a>\n<\/div>\n<\/div><\/div><\/div><\/div><\/div><\/div><\/div>","protected":false},"excerpt":{"rendered":"<p>Tana Toraja &#8211; Beautiful Tribe and Scenery Tana Toraja is a mountainous area at the heart of Sulawesi Island, about 300 kilometers north of Makassar, the capital of South Sulawesi Provinc. With a minimum elevation of 150 meters and a maximum of over 2,100 meters above the sea level, Torajaland or Land of the Toraja [&hellip;]<\/p>","protected":false},"author":1,"featured_media":0,"parent":775,"menu_order":1,"comment_status":"closed","ping_status":"closed","template":"page-templates\/page_fullwidth.php","meta":[],"_links":{"self":[{"href":"https:\/\/hiddenparadisetrip.com\/de\/wp-json\/wp\/v2\/pages\/848"}],"collection":[{"href":"https:\/\/hiddenparadisetrip.com\/de\/wp-json\/wp\/v2\/pages"}],"about":[{"href":"https:\/\/hiddenparadisetrip.com\/de\/wp-json\/wp\/v2\/types\/page"}],"author":[{"embeddable":true,"href":"https:\/\/hiddenparadisetrip.com\/de\/wp-json\/wp\/v2\/users\/1"}],"replies":[{"embeddable":true,"href":"https:\/\/hiddenparadisetrip.com\/de\/wp-json\/wp\/v2\/comments?post=848"}],"version-history":[{"count":2,"href":"https:\/\/hiddenparadisetrip.com\/de\/wp-json\/wp\/v2\/pages\/848\/revisions"}],"predecessor-version":[{"id":3067,"href":"https:\/\/hiddenparadisetrip.com\/de\/wp-json\/wp\/v2\/pages\/848\/revisions\/3067"}],"up":[{"embeddable":true,"href":"https:\/\/hiddenparadisetrip.com\/de\/wp-json\/wp\/v2\/pages\/775"}],"wp:attachment":[{"href":"https:\/\/hiddenparadisetrip.com\/de\/wp-json\/wp\/v2\/media?parent=848"}],"curies":[{"name":"wp","href":"https:\/\/api.w.org\/{rel}","templated":true}]}}